{"id":2843,"date":"2020-06-12T19:35:12","date_gmt":"2020-06-12T19:35:12","guid":{"rendered":"https:\/\/mrsouvlaki.ca\/franchise\/"},"modified":"2026-02-27T22:31:14","modified_gmt":"2026-02-27T22:31:14","slug":"franchises","status":"publish","type":"page","link":"https:\/\/mrsouvlaki.ca\/fr\/franchises\/","title":{"rendered":"FRANCHISE"},"content":{"rendered":"\t\t<div data-elementor-type=\"wp-page\" data-elementor-id=\"2843\" class=\"elementor elementor-2843 elementor-104\" data-elementor-post-type=\"page\">\n\t\t\t\t\t\t<section data-particle_enable=\"false\" data-particle-mobile-disabled=\"false\" class=\"elementor-section elementor-top-section elementor-element elementor-element-60a2157 elementor-section-boxed elementor-section-height-default elementor-section-height-default\" data-id=\"60a2157\" data-element_type=\"section\" data-e-type=\"section\" data-settings=\"{&quot;background_background&quot;:&quot;classic&quot;}\">\n\t\t\t\t\t\t<div class=\"elementor-container elementor-column-gap-default\">\n\t\t\t\t\t<div class=\"elementor-column elementor-col-25 elementor-top-column elementor-element elementor-element-4b767a6\" data-id=\"4b767a6\" data-element_type=\"column\" data-e-type=\"column\">\n\t\t\t<div class=\"elementor-widget-wrap\">\n\t\t\t\t\t\t\t<\/div>\n\t\t<\/div>\n\t\t\t\t<div class=\"elementor-column elementor-col-25 elementor-top-column elementor-element elementor-element-03b7505\" data-id=\"03b7505\" data-element_type=\"column\" data-e-type=\"column\" data-settings=\"{&quot;background_background&quot;:&quot;classic&quot;}\">\n\t\t\t<div class=\"elementor-widget-wrap elementor-element-populated\">\n\t\t\t\t\t\t<div class=\"elementor-element elementor-element-1a867d3 elementor-widget elementor-widget-heading\" data-id=\"1a867d3\" data-element_type=\"widget\" data-e-type=\"widget\" data-widget_type=\"heading.default\">\n\t\t\t\t<div class=\"elementor-widget-container\">\n\t\t\t\t\t<h3 class=\"elementor-heading-title elementor-size-default\">POSSIBILIT\u00c9S DE FRANCHISAGE<\/h3>\t\t\t\t<\/div>\n\t\t\t\t<\/div>\n\t\t\t\t<div class=\"elementor-element elementor-element-c0869bc elementor-widget elementor-widget-text-editor\" data-id=\"c0869bc\" data-element_type=\"widget\" data-e-type=\"widget\" data-widget_type=\"text-editor.default\">\n\t\t\t\t<div class=\"elementor-widget-container\">\n\t\t\t\t\t\t\t\t\t<p><strong>Mr.\u00a0Souvlaki cherche toujours de nouvelles possibilit\u00e9s d\u2019\u00e9tendre son r\u00e9seau. Souhaitant \u00e9tendre ses activit\u00e9s et poursuivre sa croissance dans l\u2019industrie de la restauration, Mr.\u00a0Souvlaki est \u00e0 la recherche de franchis\u00e9s enthousiastes et passionn\u00e9s de cuisine grecque!<\/strong><\/p>\t\t\t\t\t\t\t\t<\/div>\n\t\t\t\t<\/div>\n\t\t\t\t<div class=\"elementor-element elementor-element-486ae51 elementor-widget elementor-widget-text-editor\" data-id=\"486ae51\" data-element_type=\"widget\" data-e-type=\"widget\" data-widget_type=\"text-editor.default\">\n\t\t\t\t<div class=\"elementor-widget-container\">\n\t\t\t\t\t\t\t\t\t<p>Devenir propri\u00e9taire d\u2019une franchise requiert un processus d\u2019entrevue et d\u2019examen en trois\u00a0\u00e9tapes. Les candidats sont s\u00e9lectionn\u00e9s en fonction des crit\u00e8res suivants\u00a0: sens aigu des affaires et exp\u00e9rience, viabilit\u00e9 financi\u00e8re, belle personnalit\u00e9 et attitude positive, aptitudes \u00e0 l\u2019apprentissage et \u00e0 la communication, etc.<\/p>\t\t\t\t\t\t\t\t<\/div>\n\t\t\t\t<\/div>\n\t\t\t\t<div class=\"elementor-element elementor-element-a91409c elementor-widget elementor-widget-text-editor\" data-id=\"a91409c\" data-element_type=\"widget\" data-e-type=\"widget\" data-widget_type=\"text-editor.default\">\n\t\t\t\t<div class=\"elementor-widget-container\">\n\t\t\t\t\t\t\t\t\t<p>Poss\u00e9der une franchise signifie que vous \u00eates dans le milieu des affaires pour vous-m\u00eame, mais pas par vous-m\u00eame. Toute franchise de Mr.\u00a0Souvlaki profitera de l\u2019expertise de nos professionnels chevronn\u00e9s qui fournissent un soutien en continu pour ce qui suit\u00a0:<\/p>\t\t\t\t\t\t\t\t<\/div>\n\t\t\t\t<\/div>\n\t\t\t\t<div class=\"elementor-element elementor-element-b2bc41b elementor-widget elementor-widget-text-editor\" data-id=\"b2bc41b\" data-element_type=\"widget\" data-e-type=\"widget\" data-widget_type=\"text-editor.default\">\n\t\t\t\t<div class=\"elementor-widget-container\">\n\t\t\t\t\t\t\t\t\t<ul><li>l\u2019\u00e9laboration de recettes;<\/li><li>la formation et l\u2019exploitation;<\/li><li>le pouvoir d\u2019achat;<\/li><li>les strat\u00e9gies de publicit\u00e9 et de marketing \u00e9tablies<\/li><\/ul>\t\t\t\t\t\t\t\t<\/div>\n\t\t\t\t<\/div>\n\t\t\t\t<div class=\"elementor-element elementor-element-eb85056 elementor-widget elementor-widget-text-editor\" data-id=\"eb85056\" data-element_type=\"widget\" data-e-type=\"widget\" data-widget_type=\"text-editor.default\">\n\t\t\t\t<div class=\"elementor-widget-container\">\n\t\t\t\t\t\t\t\t\t<p>Si vous souhaitez devenir un franchis\u00e9 Mr.\u00a0Souvlaki, veuillez remplir le <a href=\"https:\/\/mtygroup.com\/franchise-application\/?brand=tikiming\">formulaire de demande pour devenir franchis\u00e9.<\/a><\/p><p>Formulaire de demande pour devenir franchis\u00e9. Veuillez transmettre votre formulaire de demande d\u00fbment rempli par t\u00e9l\u00e9copieur, par courriel ou par la poste \u00e0 l\u2019adresse indiqu\u00e9e ci-dessous.<\/p>\t\t\t\t\t\t\t\t<\/div>\n\t\t\t\t<\/div>\n\t\t\t\t<div class=\"elementor-element elementor-element-1446a43 elementor-widget elementor-widget-text-editor\" data-id=\"1446a43\" data-element_type=\"widget\" data-e-type=\"widget\" data-widget_type=\"text-editor.default\">\n\t\t\t\t<div class=\"elementor-widget-container\">\n\t\t\t\t\t\t\t\t\t<p><strong>GROUPE\u00a0MTY<\/strong><\/p><p>Mr. Souvlaki<br \/>2 East Beaver Creek Road, Buidling One<br \/>Richmond Hill, Ontario L4B 2N3<br \/>Tel: (905) 764-7066<br \/>Fax: (905) 764-8426<br \/>Adresse courriel\u00a0: <a href=\"mailto:bill@mtygroup.com\">bill@mtygroup.com<\/a>\u00a0or\u00a0<a href=\"mailto:info@mtygroup.com\">info@mtygroup.com<\/a><\/p>\t\t\t\t\t\t\t\t<\/div>\n\t\t\t\t<\/div>\n\t\t\t\t\t<\/div>\n\t\t<\/div>\n\t\t\t\t<div class=\"elementor-column elementor-col-25 elementor-top-column elementor-element elementor-element-ecb8329\" data-id=\"ecb8329\" data-element_type=\"column\" data-e-type=\"column\" data-settings=\"{&quot;background_background&quot;:&quot;classic&quot;}\">\n\t\t\t<div class=\"elementor-widget-wrap elementor-element-populated\">\n\t\t\t\t\t\t<div class=\"elementor-element elementor-element-a4f8dff elementor-widget elementor-widget-image\" data-id=\"a4f8dff\" data-element_type=\"widget\" data-e-type=\"widget\" data-widget_type=\"image.default\">\n\t\t\t\t<div class=\"elementor-widget-container\">\n\t\t\t\t\t\t\t\t\t\t\t\t\t\t\t<img fetchpriority=\"high\" decoding=\"async\" width=\"800\" height=\"560\" src=\"https:\/\/mrsouvlaki.ca\/wp-content\/uploads\/2022\/06\/franchising_1-min.webp\" class=\"attachment-large size-large wp-image-1777\" alt=\"franchising_1-min\" srcset=\"https:\/\/mrsouvlaki.ca\/wp-content\/uploads\/2022\/06\/franchising_1-min.webp 1000w, https:\/\/mrsouvlaki.ca\/wp-content\/uploads\/2022\/06\/franchising_1-min-300x210.webp 300w, https:\/\/mrsouvlaki.ca\/wp-content\/uploads\/2022\/06\/franchising_1-min-768x538.webp 768w\" sizes=\"(max-width: 800px) 100vw, 800px\" \/>\t\t\t\t\t\t\t\t\t\t\t\t\t\t\t<\/div>\n\t\t\t\t<\/div>\n\t\t\t\t<div class=\"elementor-element elementor-element-a452589 elementor-widget elementor-widget-image\" data-id=\"a452589\" data-element_type=\"widget\" data-e-type=\"widget\" data-widget_type=\"image.default\">\n\t\t\t\t<div class=\"elementor-widget-container\">\n\t\t\t\t\t\t\t\t\t\t\t\t\t\t\t<img decoding=\"async\" width=\"800\" height=\"560\" src=\"https:\/\/mrsouvlaki.ca\/wp-content\/uploads\/2022\/06\/franchising_5-min-1536x1075-1-1024x717.webp\" class=\"attachment-large size-large wp-image-1779\" alt=\"franchising_5-min-1536x1075\" srcset=\"https:\/\/mrsouvlaki.ca\/wp-content\/uploads\/2022\/06\/franchising_5-min-1536x1075-1-1024x717.webp 1024w, https:\/\/mrsouvlaki.ca\/wp-content\/uploads\/2022\/06\/franchising_5-min-1536x1075-1-300x210.webp 300w, https:\/\/mrsouvlaki.ca\/wp-content\/uploads\/2022\/06\/franchising_5-min-1536x1075-1-768x538.webp 768w, https:\/\/mrsouvlaki.ca\/wp-content\/uploads\/2022\/06\/franchising_5-min-1536x1075-1.webp 1536w\" sizes=\"(max-width: 800px) 100vw, 800px\" \/>\t\t\t\t\t\t\t\t\t\t\t\t\t\t\t<\/div>\n\t\t\t\t<\/div>\n\t\t\t\t<section data-particle_enable=\"false\" data-particle-mobile-disabled=\"false\" class=\"elementor-section elementor-inner-section elementor-element elementor-element-b4bdaca elementor-section-boxed elementor-section-height-default elementor-section-height-default\" data-id=\"b4bdaca\" data-element_type=\"section\" data-e-type=\"section\">\n\t\t\t\t\t\t<div class=\"elementor-container elementor-column-gap-default\">\n\t\t\t\t\t<div class=\"elementor-column elementor-col-33 elementor-inner-column elementor-element elementor-element-d5a5acc\" data-id=\"d5a5acc\" data-element_type=\"column\" data-e-type=\"column\">\n\t\t\t<div class=\"elementor-widget-wrap elementor-element-populated\">\n\t\t\t\t\t\t<div class=\"elementor-element elementor-element-7373e87 elementor-widget elementor-widget-image\" data-id=\"7373e87\" data-element_type=\"widget\" data-e-type=\"widget\" data-widget_type=\"image.default\">\n\t\t\t\t<div class=\"elementor-widget-container\">\n\t\t\t\t\t\t\t\t\t\t\t\t\t\t\t<img decoding=\"async\" width=\"500\" height=\"350\" src=\"https:\/\/mrsouvlaki.ca\/wp-content\/uploads\/2022\/06\/franchising_2-min.webp\" class=\"attachment-large size-large wp-image-1781\" alt=\"\" srcset=\"https:\/\/mrsouvlaki.ca\/wp-content\/uploads\/2022\/06\/franchising_2-min.webp 500w, https:\/\/mrsouvlaki.ca\/wp-content\/uploads\/2022\/06\/franchising_2-min-300x210.webp 300w\" sizes=\"(max-width: 500px) 100vw, 500px\" \/>\t\t\t\t\t\t\t\t\t\t\t\t\t\t\t<\/div>\n\t\t\t\t<\/div>\n\t\t\t\t\t<\/div>\n\t\t<\/div>\n\t\t\t\t<div class=\"elementor-column elementor-col-33 elementor-inner-column elementor-element elementor-element-2371993\" data-id=\"2371993\" data-element_type=\"column\" data-e-type=\"column\">\n\t\t\t<div class=\"elementor-widget-wrap elementor-element-populated\">\n\t\t\t\t\t\t<div class=\"elementor-element elementor-element-917fd67 elementor-widget elementor-widget-image\" data-id=\"917fd67\" data-element_type=\"widget\" data-e-type=\"widget\" data-widget_type=\"image.default\">\n\t\t\t\t<div class=\"elementor-widget-container\">\n\t\t\t\t\t\t\t\t\t\t\t\t\t\t\t<img loading=\"lazy\" decoding=\"async\" width=\"500\" height=\"350\" src=\"https:\/\/mrsouvlaki.ca\/wp-content\/uploads\/2022\/06\/franchising_3-min.webp\" class=\"attachment-large size-large wp-image-1783\" alt=\"franchising_3-min\" srcset=\"https:\/\/mrsouvlaki.ca\/wp-content\/uploads\/2022\/06\/franchising_3-min.webp 500w, https:\/\/mrsouvlaki.ca\/wp-content\/uploads\/2022\/06\/franchising_3-min-300x210.webp 300w\" sizes=\"(max-width: 500px) 100vw, 500px\" \/>\t\t\t\t\t\t\t\t\t\t\t\t\t\t\t<\/div>\n\t\t\t\t<\/div>\n\t\t\t\t\t<\/div>\n\t\t<\/div>\n\t\t\t\t<div class=\"elementor-column elementor-col-33 elementor-inner-column elementor-element elementor-element-6a0e1a1\" data-id=\"6a0e1a1\" data-element_type=\"column\" data-e-type=\"column\">\n\t\t\t<div class=\"elementor-widget-wrap elementor-element-populated\">\n\t\t\t\t\t\t<div class=\"elementor-element elementor-element-1d109d3 elementor-widget elementor-widget-image\" data-id=\"1d109d3\" data-element_type=\"widget\" data-e-type=\"widget\" data-widget_type=\"image.default\">\n\t\t\t\t<div class=\"elementor-widget-container\">\n\t\t\t\t\t\t\t\t\t\t\t\t\t\t\t<img loading=\"lazy\" decoding=\"async\" width=\"500\" height=\"350\" src=\"https:\/\/mrsouvlaki.ca\/wp-content\/uploads\/2022\/06\/franchising_4-min.webp\" class=\"attachment-large size-large wp-image-1785\" alt=\"franchising_4-min\" srcset=\"https:\/\/mrsouvlaki.ca\/wp-content\/uploads\/2022\/06\/franchising_4-min.webp 500w, https:\/\/mrsouvlaki.ca\/wp-content\/uploads\/2022\/06\/franchising_4-min-300x210.webp 300w\" sizes=\"(max-width: 500px) 100vw, 500px\" \/>\t\t\t\t\t\t\t\t\t\t\t\t\t\t\t<\/div>\n\t\t\t\t<\/div>\n\t\t\t\t\t<\/div>\n\t\t<\/div>\n\t\t\t\t\t<\/div>\n\t\t<\/section>\n\t\t\t\t\t<\/div>\n\t\t<\/div>\n\t\t\t\t<div class=\"elementor-column elementor-col-25 elementor-top-column elementor-element elementor-element-222170d\" data-id=\"222170d\" data-element_type=\"column\" data-e-type=\"column\">\n\t\t\t<div class=\"elementor-widget-wrap\">\n\t\t\t\t\t\t\t<\/div>\n\t\t<\/div>\n\t\t\t\t\t<\/div>\n\t\t<\/section>\n\t\t\t\t<section data-particle_enable=\"false\" data-particle-mobile-disabled=\"false\" class=\"elementor-section elementor-top-section elementor-element elementor-element-dce1b70 elementor-section-boxed elementor-section-height-default elementor-section-height-default\" data-id=\"dce1b70\" data-element_type=\"section\" data-e-type=\"section\" data-settings=\"{&quot;background_background&quot;:&quot;classic&quot;}\">\n\t\t\t\t\t\t<div class=\"elementor-container elementor-column-gap-default\">\n\t\t\t\t\t<div class=\"elementor-column elementor-col-100 elementor-top-column elementor-element elementor-element-c047f68\" data-id=\"c047f68\" data-element_type=\"column\" data-e-type=\"column\">\n\t\t\t<div class=\"elementor-widget-wrap elementor-element-populated\">\n\t\t\t\t\t\t<div class=\"elementor-element elementor-element-8fcb50d elementor-align-center elementor-widget elementor-widget-button\" data-id=\"8fcb50d\" data-element_type=\"widget\" data-e-type=\"widget\" data-widget_type=\"button.default\">\n\t\t\t\t<div class=\"elementor-widget-container\">\n\t\t\t\t\t\t\t\t\t<div class=\"elementor-button-wrapper\">\n\t\t\t\t\t<a class=\"elementor-button elementor-button-link elementor-size-sm\" href=\"https:\/\/mtyfranchising.com\/fr\/brands\/mr-souvlaki\/\" target=\"_blank\">\n\t\t\t\t\t\t<span class=\"elementor-button-content-wrapper\">\n\t\t\t\t\t\t\t\t\t<span class=\"elementor-button-text\">Franchisee Pre-Application Form<\/span>\n\t\t\t\t\t<\/span>\n\t\t\t\t\t<\/a>\n\t\t\t\t<\/div>\n\t\t\t\t\t\t\t\t<\/div>\n\t\t\t\t<\/div>\n\t\t\t\t\t<\/div>\n\t\t<\/div>\n\t\t\t\t\t<\/div>\n\t\t<\/section>\n\t\t\t\t<\/div>\n\t\t","protected":false},"excerpt":{"rendered":"<p>POSSIBILIT\u00c9S DE FRANCHISAGE Mr.\u00a0Souvlaki cherche toujours de nouvelles possibilit\u00e9s d\u2019\u00e9tendre son r\u00e9seau. Souhaitant \u00e9tendre ses activit\u00e9s et poursuivre sa croissance dans l\u2019industrie de la restauration, Mr.\u00a0Souvlaki est \u00e0 la recherche de franchis\u00e9s enthousiastes et passionn\u00e9s de cuisine grecque! Devenir propri\u00e9taire d\u2019une franchise requiert un processus d\u2019entrevue et d\u2019examen en trois\u00a0\u00e9tapes. Les candidats sont s\u00e9lectionn\u00e9s en [&hellip;]<\/p>\n","protected":false},"author":2,"featured_media":0,"parent":0,"menu_order":0,"comment_status":"closed","ping_status":"closed","template":"","meta":{"_acf_changed":false,"wpupg_custom_link":[],"wpupg_custom_link_behaviour":[],"wpupg_custom_link_nofollow":[],"wpupg_custom_image":[],"wpupg_custom_image_id":[],"_mbp_gutenberg_autopost":false,"footnotes":""},"class_list":["post-2843","page","type-page","status-publish","hentry"],"acf":[],"_links":{"self":[{"href":"https:\/\/mrsouvlaki.ca\/fr\/wp-json\/wp\/v2\/pages\/2843","targetHints":{"allow":["GET"]}}],"collection":[{"href":"https:\/\/mrsouvlaki.ca\/fr\/wp-json\/wp\/v2\/pages"}],"about":[{"href":"https:\/\/mrsouvlaki.ca\/fr\/wp-json\/wp\/v2\/types\/page"}],"author":[{"embeddable":true,"href":"https:\/\/mrsouvlaki.ca\/fr\/wp-json\/wp\/v2\/users\/2"}],"replies":[{"embeddable":true,"href":"https:\/\/mrsouvlaki.ca\/fr\/wp-json\/wp\/v2\/comments?post=2843"}],"version-history":[{"count":0,"href":"https:\/\/mrsouvlaki.ca\/fr\/wp-json\/wp\/v2\/pages\/2843\/revisions"}],"wp:attachment":[{"href":"https:\/\/mrsouvlaki.ca\/fr\/wp-json\/wp\/v2\/media?parent=2843"}],"curies":[{"name":"wp","href":"https:\/\/api.w.org\/{rel}","templated":true}]}}